{"id":776,"date":"2023-08-09T14:41:54","date_gmt":"2023-08-09T14:41:54","guid":{"rendered":"https:\/\/icapvaldivia.cl\/2.0\/?page_id=776"},"modified":"2023-12-11T13:57:20","modified_gmt":"2023-12-11T13:57:20","slug":"apoyo-en-pandemia","status":"publish","type":"page","link":"https:\/\/icapvaldivia.cl\/2.0\/apoyo-en-pandemia","title":{"rendered":"Apoyo en pandemia"},"content":{"rendered":"<p><img loading=\"lazy\" decoding=\"async\" class=\"aligncenter size-large wp-image-1717\" src=\"https:\/\/icapvaldivia.cl\/2.0\/wp-content\/uploads\/2023\/12\/pandemia-662x1024.jpg\" alt=\"\" width=\"662\" height=\"1024\" srcset=\"https:\/\/icapvaldivia.cl\/2.0\/wp-content\/uploads\/2023\/12\/pandemia-662x1024.jpg 662w, https:\/\/icapvaldivia.cl\/2.0\/wp-content\/uploads\/2023\/12\/pandemia-194x300.jpg 194w, https:\/\/icapvaldivia.cl\/2.0\/wp-content\/uploads\/2023\/12\/pandemia-768x1187.jpg 768w, https:\/\/icapvaldivia.cl\/2.0\/wp-content\/uploads\/2023\/12\/pandemia.jpg 828w\" sizes=\"auto, (max-width: 662px) 100vw, 662px\" \/><\/p>\n<hr \/>\n<div style=\"width: 186px\" class=\"wp-caption alignleft\"><a href=\"https:\/\/www.supereduc.cl\/prensa\/supereduc-los-rios-supervisa-protocolos-de-seguridad-sanitaria-junto-a-seremi-de-educacion-y-funcionarios-del-minsal\/\"><img loading=\"lazy\" decoding=\"async\" src=\"https:\/\/www.supereduc.cl\/wp-content\/uploads\/2021\/03\/1.-Ins.-Chile-Asia-Pacifico-850x600.jpg\" alt=\"\" width=\"176\" height=\"124\" \/><\/a><p class=\"wp-caption-text\"><a href=\"https:\/\/www.supereduc.cl\/prensa\/supereduc-los-rios-supervisa-protocolos-de-seguridad-sanitaria-junto-a-seremi-de-educacion-y-funcionarios-del-minsal\/\">Enlace; https:\/\/www.supereduc.cl\/prensa\/supereduc-los-rios-supervisa-protocolos-de-seguridad-sanitaria-junto-a-seremi-de-educacion-y-funcionarios-del-minsal\/<\/a><\/p><\/div>\n<p>&nbsp;<\/p>\n<p><span style=\"color: #ffffff;\"><strong>Supereduc Los R\u00edos supervisa protocolos de seguridad sanitaria junto a Seremi de Educaci\u00f3n y funcionarios del Minsal<\/strong><\/span><\/p>\n<p><span style=\"color: #ffffff;\">La directora regional de la Superintendencia de Educaci\u00f3n de Los R\u00edos, Elizabeth Ar\u00e1nguiz, visit\u00f3 5 establecimientos educacionales de la regi\u00f3n, en el marco de las actividades de acompa\u00f1amiento y orientaci\u00f3n de protocolos sanitarios para el inicio del a\u00f1o escolar 2021.<\/span><\/p>\n<p>&nbsp;<\/p>\n<p>&nbsp;<\/p>\n<p>&nbsp;<\/p>\n<p>&nbsp;<\/p>\n<p>&nbsp;<\/p>\n<p>&nbsp;<\/p>\n<hr \/>\n<p><iframe loading=\"lazy\" title=\"D\u00eda del ni\u00f1o y la ni\u00f1a ICAP 1\" width=\"1140\" height=\"641\" src=\"https:\/\/www.youtube.com\/embed\/ujqxLM_mTQs?feature=oembed\" frameborder=\"0\" allow=\"accelerometer; autoplay; clipboard-write; encrypted-media; gyroscope; picture-in-picture; web-share\" allowfullscreen><\/iframe><\/p>\n<hr \/>\n<p>Conejo de pascua env\u00eda huevos de chocolate y un afectuoso saludo a todos los ni\u00f1os de ICAP, junto con las canastas de alimentos que retiran sus apoderados.<\/p>\n<p><img loading=\"lazy\" decoding=\"async\" class=\"size-full wp-image-976 aligncenter\" src=\"https:\/\/icapvaldivia.cl\/2.0\/wp-content\/uploads\/2023\/08\/conejito.jpg\" alt=\"\" width=\"864\" height=\"1152\" \/><\/p>\n","protected":false},"excerpt":{"rendered":"<p>&nbsp; Supereduc Los R\u00edos supervisa protocolos de seguridad sanitaria junto a Seremi de Educaci\u00f3n y funcionarios del Minsal La directora regional de la Superintendencia de Educaci\u00f3n de Los R\u00edos, Elizabeth Ar\u00e1nguiz, visit\u00f3 5 establecimientos educacionales de la regi\u00f3n, en el marco de las actividades de acompa\u00f1amiento y orientaci\u00f3n de protocolos sanitarios para el inicio del [&hellip;]<\/p>\n","protected":false},"author":3,"featured_media":0,"parent":0,"menu_order":0,"comment_status":"closed","ping_status":"closed","template":"","meta":{"footnotes":""},"class_list":["post-776","page","type-page","status-publish","hentry"],"_links":{"self":[{"href":"https:\/\/icapvaldivia.cl\/2.0\/wp-json\/wp\/v2\/pages\/776","targetHints":{"allow":["GET"]}}],"collection":[{"href":"https:\/\/icapvaldivia.cl\/2.0\/wp-json\/wp\/v2\/pages"}],"about":[{"href":"https:\/\/icapvaldivia.cl\/2.0\/wp-json\/wp\/v2\/types\/page"}],"author":[{"embeddable":true,"href":"https:\/\/icapvaldivia.cl\/2.0\/wp-json\/wp\/v2\/users\/3"}],"replies":[{"embeddable":true,"href":"https:\/\/icapvaldivia.cl\/2.0\/wp-json\/wp\/v2\/comments?post=776"}],"version-history":[{"count":4,"href":"https:\/\/icapvaldivia.cl\/2.0\/wp-json\/wp\/v2\/pages\/776\/revisions"}],"predecessor-version":[{"id":1718,"href":"https:\/\/icapvaldivia.cl\/2.0\/wp-json\/wp\/v2\/pages\/776\/revisions\/1718"}],"wp:attachment":[{"href":"https:\/\/icapvaldivia.cl\/2.0\/wp-json\/wp\/v2\/media?parent=776"}],"curies":[{"name":"wp","href":"https:\/\/api.w.org\/{rel}","templated":true}]}}