{"id":228,"date":"2023-08-03T00:10:42","date_gmt":"2023-08-03T00:10:42","guid":{"rendered":"https:\/\/icapvaldivia.cl\/2.0\/?page_id=228"},"modified":"2025-08-25T13:10:44","modified_gmt":"2025-08-25T17:10:44","slug":"wetripantu","status":"publish","type":"page","link":"https:\/\/icapvaldivia.cl\/2.0\/wetripantu","title":{"rendered":"We Tripantu"},"content":{"rendered":"<div class=\"gmail_default\">\n<p><span style=\"color: #ffffff;\"><strong>Este a\u00f1o conmemoramos el A\u00f1o Nuevo Mapuche, valorando y visibilizando las tradiciones, cosmovisi\u00f3n y riqueza cultural de nuestros pueblos originarios.<\/strong><\/span><\/p>\n<\/div>\n<div class=\"gmail_default\"><\/div>\n<div><\/div>\n<div><img loading=\"lazy\" decoding=\"async\" class=\"aligncenter size-full wp-image-1991\" src=\"https:\/\/icapvaldivia.cl\/2.0\/wp-content\/uploads\/2025\/08\/wetripantu.png\" alt=\"\" width=\"469\" height=\"514\" srcset=\"https:\/\/icapvaldivia.cl\/2.0\/wp-content\/uploads\/2025\/08\/wetripantu.png 469w, https:\/\/icapvaldivia.cl\/2.0\/wp-content\/uploads\/2025\/08\/wetripantu-274x300.png 274w\" sizes=\"auto, (max-width: 469px) 100vw, 469px\" \/><\/div>\n<div><\/div>\n<div><img loading=\"lazy\" decoding=\"async\" class=\"aligncenter size-full wp-image-2156\" src=\"https:\/\/icapvaldivia.cl\/2.0\/wp-content\/uploads\/2025\/08\/IMG_5386-1-scaled.jpg\" alt=\"\" width=\"2560\" height=\"1707\" srcset=\"https:\/\/icapvaldivia.cl\/2.0\/wp-content\/uploads\/2025\/08\/IMG_5386-1-scaled.jpg 2560w, https:\/\/icapvaldivia.cl\/2.0\/wp-content\/uploads\/2025\/08\/IMG_5386-1-300x200.jpg 300w, https:\/\/icapvaldivia.cl\/2.0\/wp-content\/uploads\/2025\/08\/IMG_5386-1-1024x683.jpg 1024w, https:\/\/icapvaldivia.cl\/2.0\/wp-content\/uploads\/2025\/08\/IMG_5386-1-768x512.jpg 768w, https:\/\/icapvaldivia.cl\/2.0\/wp-content\/uploads\/2025\/08\/IMG_5386-1-1536x1024.jpg 1536w, https:\/\/icapvaldivia.cl\/2.0\/wp-content\/uploads\/2025\/08\/IMG_5386-1-2048x1365.jpg 2048w\" sizes=\"auto, (max-width: 2560px) 100vw, 2560px\" \/> <img loading=\"lazy\" decoding=\"async\" class=\"aligncenter size-full wp-image-2155\" src=\"https:\/\/icapvaldivia.cl\/2.0\/wp-content\/uploads\/2025\/08\/IMG_5389-1-scaled.jpg\" alt=\"\" width=\"1707\" height=\"2560\" srcset=\"https:\/\/icapvaldivia.cl\/2.0\/wp-content\/uploads\/2025\/08\/IMG_5389-1-scaled.jpg 1707w, https:\/\/icapvaldivia.cl\/2.0\/wp-content\/uploads\/2025\/08\/IMG_5389-1-200x300.jpg 200w, https:\/\/icapvaldivia.cl\/2.0\/wp-content\/uploads\/2025\/08\/IMG_5389-1-683x1024.jpg 683w, https:\/\/icapvaldivia.cl\/2.0\/wp-content\/uploads\/2025\/08\/IMG_5389-1-768x1152.jpg 768w, https:\/\/icapvaldivia.cl\/2.0\/wp-content\/uploads\/2025\/08\/IMG_5389-1-1024x1536.jpg 1024w, https:\/\/icapvaldivia.cl\/2.0\/wp-content\/uploads\/2025\/08\/IMG_5389-1-1365x2048.jpg 1365w\" sizes=\"auto, (max-width: 1707px) 100vw, 1707px\" \/> <img loading=\"lazy\" decoding=\"async\" class=\"aligncenter size-full wp-image-2154\" src=\"https:\/\/icapvaldivia.cl\/2.0\/wp-content\/uploads\/2025\/08\/IMG_5392-1-scaled.jpg\" alt=\"\" width=\"2560\" height=\"1707\" srcset=\"https:\/\/icapvaldivia.cl\/2.0\/wp-content\/uploads\/2025\/08\/IMG_5392-1-scaled.jpg 2560w, https:\/\/icapvaldivia.cl\/2.0\/wp-content\/uploads\/2025\/08\/IMG_5392-1-300x200.jpg 300w, https:\/\/icapvaldivia.cl\/2.0\/wp-content\/uploads\/2025\/08\/IMG_5392-1-1024x683.jpg 1024w, https:\/\/icapvaldivia.cl\/2.0\/wp-content\/uploads\/2025\/08\/IMG_5392-1-768x512.jpg 768w, https:\/\/icapvaldivia.cl\/2.0\/wp-content\/uploads\/2025\/08\/IMG_5392-1-1536x1024.jpg 1536w, https:\/\/icapvaldivia.cl\/2.0\/wp-content\/uploads\/2025\/08\/IMG_5392-1-2048x1365.jpg 2048w\" sizes=\"auto, (max-width: 2560px) 100vw, 2560px\" \/> <img loading=\"lazy\" decoding=\"async\" class=\"aligncenter size-full wp-image-2153\" src=\"https:\/\/icapvaldivia.cl\/2.0\/wp-content\/uploads\/2025\/08\/IMG_5393-1-scaled.jpg\" alt=\"\" width=\"1707\" height=\"2560\" srcset=\"https:\/\/icapvaldivia.cl\/2.0\/wp-content\/uploads\/2025\/08\/IMG_5393-1-scaled.jpg 1707w, https:\/\/icapvaldivia.cl\/2.0\/wp-content\/uploads\/2025\/08\/IMG_5393-1-200x300.jpg 200w, https:\/\/icapvaldivia.cl\/2.0\/wp-content\/uploads\/2025\/08\/IMG_5393-1-683x1024.jpg 683w, https:\/\/icapvaldivia.cl\/2.0\/wp-content\/uploads\/2025\/08\/IMG_5393-1-768x1152.jpg 768w, https:\/\/icapvaldivia.cl\/2.0\/wp-content\/uploads\/2025\/08\/IMG_5393-1-1024x1536.jpg 1024w, https:\/\/icapvaldivia.cl\/2.0\/wp-content\/uploads\/2025\/08\/IMG_5393-1-1365x2048.jpg 1365w\" sizes=\"auto, (max-width: 1707px) 100vw, 1707px\" \/> <img loading=\"lazy\" decoding=\"async\" class=\"aligncenter size-full wp-image-2152\" src=\"https:\/\/icapvaldivia.cl\/2.0\/wp-content\/uploads\/2025\/08\/IMG_5395-1-scaled.jpg\" alt=\"\" width=\"2560\" height=\"1707\" srcset=\"https:\/\/icapvaldivia.cl\/2.0\/wp-content\/uploads\/2025\/08\/IMG_5395-1-scaled.jpg 2560w, https:\/\/icapvaldivia.cl\/2.0\/wp-content\/uploads\/2025\/08\/IMG_5395-1-300x200.jpg 300w, https:\/\/icapvaldivia.cl\/2.0\/wp-content\/uploads\/2025\/08\/IMG_5395-1-1024x683.jpg 1024w, https:\/\/icapvaldivia.cl\/2.0\/wp-content\/uploads\/2025\/08\/IMG_5395-1-768x512.jpg 768w, https:\/\/icapvaldivia.cl\/2.0\/wp-content\/uploads\/2025\/08\/IMG_5395-1-1536x1024.jpg 1536w, https:\/\/icapvaldivia.cl\/2.0\/wp-content\/uploads\/2025\/08\/IMG_5395-1-2048x1365.jpg 2048w\" sizes=\"auto, (max-width: 2560px) 100vw, 2560px\" \/> <img loading=\"lazy\" decoding=\"async\" class=\"aligncenter size-full wp-image-2147\" src=\"https:\/\/icapvaldivia.cl\/2.0\/wp-content\/uploads\/2025\/08\/IMG_5402-1-scaled.jpg\" alt=\"\" width=\"2560\" height=\"1707\" srcset=\"https:\/\/icapvaldivia.cl\/2.0\/wp-content\/uploads\/2025\/08\/IMG_5402-1-scaled.jpg 2560w, https:\/\/icapvaldivia.cl\/2.0\/wp-content\/uploads\/2025\/08\/IMG_5402-1-300x200.jpg 300w, https:\/\/icapvaldivia.cl\/2.0\/wp-content\/uploads\/2025\/08\/IMG_5402-1-1024x683.jpg 1024w, https:\/\/icapvaldivia.cl\/2.0\/wp-content\/uploads\/2025\/08\/IMG_5402-1-768x512.jpg 768w, https:\/\/icapvaldivia.cl\/2.0\/wp-content\/uploads\/2025\/08\/IMG_5402-1-1536x1024.jpg 1536w, https:\/\/icapvaldivia.cl\/2.0\/wp-content\/uploads\/2025\/08\/IMG_5402-1-2048x1365.jpg 2048w\" sizes=\"auto, (max-width: 2560px) 100vw, 2560px\" \/> <img loading=\"lazy\" decoding=\"async\" class=\"aligncenter size-full wp-image-2149\" src=\"https:\/\/icapvaldivia.cl\/2.0\/wp-content\/uploads\/2025\/08\/IMG_5400-1-scaled.jpg\" alt=\"\" width=\"1707\" height=\"2560\" srcset=\"https:\/\/icapvaldivia.cl\/2.0\/wp-content\/uploads\/2025\/08\/IMG_5400-1-scaled.jpg 1707w, https:\/\/icapvaldivia.cl\/2.0\/wp-content\/uploads\/2025\/08\/IMG_5400-1-200x300.jpg 200w, https:\/\/icapvaldivia.cl\/2.0\/wp-content\/uploads\/2025\/08\/IMG_5400-1-683x1024.jpg 683w, https:\/\/icapvaldivia.cl\/2.0\/wp-content\/uploads\/2025\/08\/IMG_5400-1-768x1152.jpg 768w, https:\/\/icapvaldivia.cl\/2.0\/wp-content\/uploads\/2025\/08\/IMG_5400-1-1024x1536.jpg 1024w, https:\/\/icapvaldivia.cl\/2.0\/wp-content\/uploads\/2025\/08\/IMG_5400-1-1365x2048.jpg 1365w\" sizes=\"auto, (max-width: 1707px) 100vw, 1707px\" \/> <img loading=\"lazy\" decoding=\"async\" class=\"aligncenter size-full wp-image-2151\" src=\"https:\/\/icapvaldivia.cl\/2.0\/wp-content\/uploads\/2025\/08\/IMG_5396-1-scaled.jpg\" alt=\"\" width=\"2560\" height=\"1707\" srcset=\"https:\/\/icapvaldivia.cl\/2.0\/wp-content\/uploads\/2025\/08\/IMG_5396-1-scaled.jpg 2560w, https:\/\/icapvaldivia.cl\/2.0\/wp-content\/uploads\/2025\/08\/IMG_5396-1-300x200.jpg 300w, https:\/\/icapvaldivia.cl\/2.0\/wp-content\/uploads\/2025\/08\/IMG_5396-1-1024x683.jpg 1024w, https:\/\/icapvaldivia.cl\/2.0\/wp-content\/uploads\/2025\/08\/IMG_5396-1-768x512.jpg 768w, https:\/\/icapvaldivia.cl\/2.0\/wp-content\/uploads\/2025\/08\/IMG_5396-1-1536x1024.jpg 1536w, https:\/\/icapvaldivia.cl\/2.0\/wp-content\/uploads\/2025\/08\/IMG_5396-1-2048x1365.jpg 2048w\" sizes=\"auto, (max-width: 2560px) 100vw, 2560px\" \/> <img loading=\"lazy\" decoding=\"async\" class=\"aligncenter size-full wp-image-2145\" src=\"https:\/\/icapvaldivia.cl\/2.0\/wp-content\/uploads\/2025\/08\/IMG_5406-1-scaled.jpg\" alt=\"\" width=\"1707\" height=\"2560\" srcset=\"https:\/\/icapvaldivia.cl\/2.0\/wp-content\/uploads\/2025\/08\/IMG_5406-1-scaled.jpg 1707w, https:\/\/icapvaldivia.cl\/2.0\/wp-content\/uploads\/2025\/08\/IMG_5406-1-200x300.jpg 200w, https:\/\/icapvaldivia.cl\/2.0\/wp-content\/uploads\/2025\/08\/IMG_5406-1-683x1024.jpg 683w, https:\/\/icapvaldivia.cl\/2.0\/wp-content\/uploads\/2025\/08\/IMG_5406-1-768x1152.jpg 768w, https:\/\/icapvaldivia.cl\/2.0\/wp-content\/uploads\/2025\/08\/IMG_5406-1-1024x1536.jpg 1024w, https:\/\/icapvaldivia.cl\/2.0\/wp-content\/uploads\/2025\/08\/IMG_5406-1-1365x2048.jpg 1365w\" sizes=\"auto, (max-width: 1707px) 100vw, 1707px\" \/> <img loading=\"lazy\" decoding=\"async\" class=\"aligncenter size-full wp-image-2144\" src=\"https:\/\/icapvaldivia.cl\/2.0\/wp-content\/uploads\/2025\/08\/IMG_5407-1-scaled.jpg\" alt=\"\" width=\"2560\" height=\"1707\" srcset=\"https:\/\/icapvaldivia.cl\/2.0\/wp-content\/uploads\/2025\/08\/IMG_5407-1-scaled.jpg 2560w, https:\/\/icapvaldivia.cl\/2.0\/wp-content\/uploads\/2025\/08\/IMG_5407-1-300x200.jpg 300w, https:\/\/icapvaldivia.cl\/2.0\/wp-content\/uploads\/2025\/08\/IMG_5407-1-1024x683.jpg 1024w, https:\/\/icapvaldivia.cl\/2.0\/wp-content\/uploads\/2025\/08\/IMG_5407-1-768x512.jpg 768w, https:\/\/icapvaldivia.cl\/2.0\/wp-content\/uploads\/2025\/08\/IMG_5407-1-1536x1024.jpg 1536w, https:\/\/icapvaldivia.cl\/2.0\/wp-content\/uploads\/2025\/08\/IMG_5407-1-2048x1365.jpg 2048w\" sizes=\"auto, (max-width: 2560px) 100vw, 2560px\" \/> <img loading=\"lazy\" decoding=\"async\" class=\"aligncenter size-full wp-image-2143\" src=\"https:\/\/icapvaldivia.cl\/2.0\/wp-content\/uploads\/2025\/08\/IMG_5408-1-scaled.jpg\" alt=\"\" width=\"1707\" height=\"2560\" srcset=\"https:\/\/icapvaldivia.cl\/2.0\/wp-content\/uploads\/2025\/08\/IMG_5408-1-scaled.jpg 1707w, https:\/\/icapvaldivia.cl\/2.0\/wp-content\/uploads\/2025\/08\/IMG_5408-1-200x300.jpg 200w, https:\/\/icapvaldivia.cl\/2.0\/wp-content\/uploads\/2025\/08\/IMG_5408-1-683x1024.jpg 683w, https:\/\/icapvaldivia.cl\/2.0\/wp-content\/uploads\/2025\/08\/IMG_5408-1-768x1152.jpg 768w, https:\/\/icapvaldivia.cl\/2.0\/wp-content\/uploads\/2025\/08\/IMG_5408-1-1024x1536.jpg 1024w, https:\/\/icapvaldivia.cl\/2.0\/wp-content\/uploads\/2025\/08\/IMG_5408-1-1365x2048.jpg 1365w\" sizes=\"auto, (max-width: 1707px) 100vw, 1707px\" \/> <img loading=\"lazy\" decoding=\"async\" class=\"aligncenter size-full wp-image-2137\" src=\"https:\/\/icapvaldivia.cl\/2.0\/wp-content\/uploads\/2025\/08\/IMG_5416-1-scaled.jpg\" alt=\"\" width=\"2560\" height=\"1707\" srcset=\"https:\/\/icapvaldivia.cl\/2.0\/wp-content\/uploads\/2025\/08\/IMG_5416-1-scaled.jpg 2560w, https:\/\/icapvaldivia.cl\/2.0\/wp-content\/uploads\/2025\/08\/IMG_5416-1-300x200.jpg 300w, https:\/\/icapvaldivia.cl\/2.0\/wp-content\/uploads\/2025\/08\/IMG_5416-1-1024x683.jpg 1024w, https:\/\/icapvaldivia.cl\/2.0\/wp-content\/uploads\/2025\/08\/IMG_5416-1-768x512.jpg 768w, https:\/\/icapvaldivia.cl\/2.0\/wp-content\/uploads\/2025\/08\/IMG_5416-1-1536x1024.jpg 1536w, https:\/\/icapvaldivia.cl\/2.0\/wp-content\/uploads\/2025\/08\/IMG_5416-1-2048x1365.jpg 2048w\" sizes=\"auto, (max-width: 2560px) 100vw, 2560px\" \/> <img loading=\"lazy\" decoding=\"async\" class=\"aligncenter size-full wp-image-2140\" src=\"https:\/\/icapvaldivia.cl\/2.0\/wp-content\/uploads\/2025\/08\/IMG_5412-1-scaled.jpg\" alt=\"\" width=\"2560\" height=\"1707\" srcset=\"https:\/\/icapvaldivia.cl\/2.0\/wp-content\/uploads\/2025\/08\/IMG_5412-1-scaled.jpg 2560w, https:\/\/icapvaldivia.cl\/2.0\/wp-content\/uploads\/2025\/08\/IMG_5412-1-300x200.jpg 300w, https:\/\/icapvaldivia.cl\/2.0\/wp-content\/uploads\/2025\/08\/IMG_5412-1-1024x683.jpg 1024w, https:\/\/icapvaldivia.cl\/2.0\/wp-content\/uploads\/2025\/08\/IMG_5412-1-768x512.jpg 768w, https:\/\/icapvaldivia.cl\/2.0\/wp-content\/uploads\/2025\/08\/IMG_5412-1-1536x1024.jpg 1536w, https:\/\/icapvaldivia.cl\/2.0\/wp-content\/uploads\/2025\/08\/IMG_5412-1-2048x1365.jpg 2048w\" sizes=\"auto, (max-width: 2560px) 100vw, 2560px\" \/> <img loading=\"lazy\" decoding=\"async\" class=\"aligncenter size-full wp-image-2139\" src=\"https:\/\/icapvaldivia.cl\/2.0\/wp-content\/uploads\/2025\/08\/IMG_5413-1-scaled.jpg\" alt=\"\" width=\"2560\" height=\"1707\" srcset=\"https:\/\/icapvaldivia.cl\/2.0\/wp-content\/uploads\/2025\/08\/IMG_5413-1-scaled.jpg 2560w, https:\/\/icapvaldivia.cl\/2.0\/wp-content\/uploads\/2025\/08\/IMG_5413-1-300x200.jpg 300w, https:\/\/icapvaldivia.cl\/2.0\/wp-content\/uploads\/2025\/08\/IMG_5413-1-1024x683.jpg 1024w, https:\/\/icapvaldivia.cl\/2.0\/wp-content\/uploads\/2025\/08\/IMG_5413-1-768x512.jpg 768w, https:\/\/icapvaldivia.cl\/2.0\/wp-content\/uploads\/2025\/08\/IMG_5413-1-1536x1024.jpg 1536w, https:\/\/icapvaldivia.cl\/2.0\/wp-content\/uploads\/2025\/08\/IMG_5413-1-2048x1365.jpg 2048w\" sizes=\"auto, (max-width: 2560px) 100vw, 2560px\" \/> <img loading=\"lazy\" decoding=\"async\" class=\"aligncenter size-full wp-image-2134\" src=\"https:\/\/icapvaldivia.cl\/2.0\/wp-content\/uploads\/2025\/08\/IMG_5421-1-scaled.jpg\" alt=\"\" width=\"2560\" height=\"1707\" srcset=\"https:\/\/icapvaldivia.cl\/2.0\/wp-content\/uploads\/2025\/08\/IMG_5421-1-scaled.jpg 2560w, https:\/\/icapvaldivia.cl\/2.0\/wp-content\/uploads\/2025\/08\/IMG_5421-1-300x200.jpg 300w, https:\/\/icapvaldivia.cl\/2.0\/wp-content\/uploads\/2025\/08\/IMG_5421-1-1024x683.jpg 1024w, https:\/\/icapvaldivia.cl\/2.0\/wp-content\/uploads\/2025\/08\/IMG_5421-1-768x512.jpg 768w, https:\/\/icapvaldivia.cl\/2.0\/wp-content\/uploads\/2025\/08\/IMG_5421-1-1536x1024.jpg 1536w, https:\/\/icapvaldivia.cl\/2.0\/wp-content\/uploads\/2025\/08\/IMG_5421-1-2048x1365.jpg 2048w\" sizes=\"auto, (max-width: 2560px) 100vw, 2560px\" \/> <img loading=\"lazy\" decoding=\"async\" class=\"aligncenter size-full wp-image-2130\" src=\"https:\/\/icapvaldivia.cl\/2.0\/wp-content\/uploads\/2025\/08\/IMG_5431-1-scaled.jpg\" alt=\"\" width=\"2560\" height=\"1707\" srcset=\"https:\/\/icapvaldivia.cl\/2.0\/wp-content\/uploads\/2025\/08\/IMG_5431-1-scaled.jpg 2560w, https:\/\/icapvaldivia.cl\/2.0\/wp-content\/uploads\/2025\/08\/IMG_5431-1-300x200.jpg 300w, https:\/\/icapvaldivia.cl\/2.0\/wp-content\/uploads\/2025\/08\/IMG_5431-1-1024x683.jpg 1024w, https:\/\/icapvaldivia.cl\/2.0\/wp-content\/uploads\/2025\/08\/IMG_5431-1-768x512.jpg 768w, https:\/\/icapvaldivia.cl\/2.0\/wp-content\/uploads\/2025\/08\/IMG_5431-1-1536x1024.jpg 1536w, https:\/\/icapvaldivia.cl\/2.0\/wp-content\/uploads\/2025\/08\/IMG_5431-1-2048x1365.jpg 2048w\" sizes=\"auto, (max-width: 2560px) 100vw, 2560px\" \/> <img loading=\"lazy\" decoding=\"async\" class=\"aligncenter size-full wp-image-2127\" src=\"https:\/\/icapvaldivia.cl\/2.0\/wp-content\/uploads\/2025\/08\/IMG_5394-1-scaled.jpg\" alt=\"\" width=\"2560\" height=\"2462\" srcset=\"https:\/\/icapvaldivia.cl\/2.0\/wp-content\/uploads\/2025\/08\/IMG_5394-1-scaled.jpg 2560w, https:\/\/icapvaldivia.cl\/2.0\/wp-content\/uploads\/2025\/08\/IMG_5394-1-300x288.jpg 300w, https:\/\/icapvaldivia.cl\/2.0\/wp-content\/uploads\/2025\/08\/IMG_5394-1-1024x985.jpg 1024w, https:\/\/icapvaldivia.cl\/2.0\/wp-content\/uploads\/2025\/08\/IMG_5394-1-768x739.jpg 768w, https:\/\/icapvaldivia.cl\/2.0\/wp-content\/uploads\/2025\/08\/IMG_5394-1-1536x1477.jpg 1536w, https:\/\/icapvaldivia.cl\/2.0\/wp-content\/uploads\/2025\/08\/IMG_5394-1-2048x1969.jpg 2048w\" sizes=\"auto, (max-width: 2560px) 100vw, 2560px\" \/> <img loading=\"lazy\" decoding=\"async\" class=\"aligncenter size-full wp-image-2132\" src=\"https:\/\/icapvaldivia.cl\/2.0\/wp-content\/uploads\/2025\/08\/IMG_5425-1-scaled.jpg\" alt=\"\" width=\"1707\" height=\"2560\" srcset=\"https:\/\/icapvaldivia.cl\/2.0\/wp-content\/uploads\/2025\/08\/IMG_5425-1-scaled.jpg 1707w, https:\/\/icapvaldivia.cl\/2.0\/wp-content\/uploads\/2025\/08\/IMG_5425-1-200x300.jpg 200w, https:\/\/icapvaldivia.cl\/2.0\/wp-content\/uploads\/2025\/08\/IMG_5425-1-683x1024.jpg 683w, https:\/\/icapvaldivia.cl\/2.0\/wp-content\/uploads\/2025\/08\/IMG_5425-1-768x1152.jpg 768w, https:\/\/icapvaldivia.cl\/2.0\/wp-content\/uploads\/2025\/08\/IMG_5425-1-1024x1536.jpg 1024w, https:\/\/icapvaldivia.cl\/2.0\/wp-content\/uploads\/2025\/08\/IMG_5425-1-1365x2048.jpg 1365w\" sizes=\"auto, (max-width: 1707px) 100vw, 1707px\" \/> <img loading=\"lazy\" decoding=\"async\" class=\"aligncenter size-full wp-image-2124\" src=\"https:\/\/icapvaldivia.cl\/2.0\/wp-content\/uploads\/2025\/08\/IMG_5420-1-scaled.jpg\" alt=\"\" width=\"2560\" height=\"2422\" srcset=\"https:\/\/icapvaldivia.cl\/2.0\/wp-content\/uploads\/2025\/08\/IMG_5420-1-scaled.jpg 2560w, https:\/\/icapvaldivia.cl\/2.0\/wp-content\/uploads\/2025\/08\/IMG_5420-1-300x284.jpg 300w, https:\/\/icapvaldivia.cl\/2.0\/wp-content\/uploads\/2025\/08\/IMG_5420-1-1024x969.jpg 1024w, https:\/\/icapvaldivia.cl\/2.0\/wp-content\/uploads\/2025\/08\/IMG_5420-1-768x727.jpg 768w, https:\/\/icapvaldivia.cl\/2.0\/wp-content\/uploads\/2025\/08\/IMG_5420-1-1536x1453.jpg 1536w, https:\/\/icapvaldivia.cl\/2.0\/wp-content\/uploads\/2025\/08\/IMG_5420-1-2048x1938.jpg 2048w\" sizes=\"auto, (max-width: 2560px) 100vw, 2560px\" \/><\/div>\n<div><\/div>\n<div><\/div>\n<div class=\"gmail_default\"><\/div>\n","protected":false},"excerpt":{"rendered":"<p>Este a\u00f1o conmemoramos el A\u00f1o Nuevo Mapuche, valorando y visibilizando las tradiciones, cosmovisi\u00f3n y riqueza cultural de nuestros pueblos originarios.<\/p>\n","protected":false},"author":3,"featured_media":0,"parent":0,"menu_order":0,"comment_status":"closed","ping_status":"closed","template":"","meta":{"footnotes":""},"class_list":["post-228","page","type-page","status-publish","hentry"],"_links":{"self":[{"href":"https:\/\/icapvaldivia.cl\/2.0\/wp-json\/wp\/v2\/pages\/228","targetHints":{"allow":["GET"]}}],"collection":[{"href":"https:\/\/icapvaldivia.cl\/2.0\/wp-json\/wp\/v2\/pages"}],"about":[{"href":"https:\/\/icapvaldivia.cl\/2.0\/wp-json\/wp\/v2\/types\/page"}],"author":[{"embeddable":true,"href":"https:\/\/icapvaldivia.cl\/2.0\/wp-json\/wp\/v2\/users\/3"}],"replies":[{"embeddable":true,"href":"https:\/\/icapvaldivia.cl\/2.0\/wp-json\/wp\/v2\/comments?post=228"}],"version-history":[{"count":12,"href":"https:\/\/icapvaldivia.cl\/2.0\/wp-json\/wp\/v2\/pages\/228\/revisions"}],"predecessor-version":[{"id":2158,"href":"https:\/\/icapvaldivia.cl\/2.0\/wp-json\/wp\/v2\/pages\/228\/revisions\/2158"}],"wp:attachment":[{"href":"https:\/\/icapvaldivia.cl\/2.0\/wp-json\/wp\/v2\/media?parent=228"}],"curies":[{"name":"wp","href":"https:\/\/api.w.org\/{rel}","templated":true}]}}