{"id":1976,"date":"2025-02-06T18:11:58","date_gmt":"2025-02-06T18:11:58","guid":{"rendered":"https:\/\/icapvaldivia.cl\/2.0\/?page_id=1976"},"modified":"2025-02-07T17:06:41","modified_gmt":"2025-02-07T17:06:41","slug":"natacion","status":"publish","type":"page","link":"https:\/\/icapvaldivia.cl\/2.0\/natacion","title":{"rendered":"Nataci\u00f3n"},"content":{"rendered":"<p><img loading=\"lazy\" decoding=\"async\" class=\"aligncenter size-full wp-image-1978\" src=\"https:\/\/icapvaldivia.cl\/2.0\/wp-content\/uploads\/2025\/02\/Imagen-de-WhatsApp-2025-02-06-a-las-12.45.03_19f08216.jpg\" alt=\"\" width=\"1200\" height=\"1600\" srcset=\"https:\/\/icapvaldivia.cl\/2.0\/wp-content\/uploads\/2025\/02\/Imagen-de-WhatsApp-2025-02-06-a-las-12.45.03_19f08216.jpg 1200w, https:\/\/icapvaldivia.cl\/2.0\/wp-content\/uploads\/2025\/02\/Imagen-de-WhatsApp-2025-02-06-a-las-12.45.03_19f08216-225x300.jpg 225w, https:\/\/icapvaldivia.cl\/2.0\/wp-content\/uploads\/2025\/02\/Imagen-de-WhatsApp-2025-02-06-a-las-12.45.03_19f08216-768x1024.jpg 768w, https:\/\/icapvaldivia.cl\/2.0\/wp-content\/uploads\/2025\/02\/Imagen-de-WhatsApp-2025-02-06-a-las-12.45.03_19f08216-1152x1536.jpg 1152w\" sizes=\"auto, (max-width: 1200px) 100vw, 1200px\" \/><\/p>\n<p><span style=\"color: #ffffff;\">Nuestro colegio ICAP Bicentenario de excelencia, desde este verano comenz\u00f3 a ense\u00f1ar a sus alumnos, nataci\u00f3n con seguridad y prevenci\u00f3n en el agua. Saber nadar puede salvar la vida: la propia, de un familiar, de un amigo, o de un miembro de la comunidad. Nuestra meta es con el tiempo, ense\u00f1ar a nadar a cada alumno ICAP que lo desee, adem\u00e1s de fomentar la pr\u00e1ctica deportiva y los h\u00e1bitos de vida saludable, como un objetivo de la formaci\u00f3n integral de nuestros estudiantes, complementando el aprendizaje escolar. En la misma orientaci\u00f3n inclusiva de ICAP, el taller es gratuito y considera las necesidades educativas especiales de cada alumno, siendo adem\u00e1s una hidroterapia para alumnos PIE. Ense\u00f1a el profesor de educaci\u00f3n f\u00edsica y nataci\u00f3n segura don Walter Lav\u00edn, de exitosa trayectoria, especializado en aprendizaje de ni\u00f1os, entre otras experticias acu\u00e1ticas. Todo en una hermosa nueva piscina temperada\u00a0en\u00a0las\u00a0Parras.<\/span><\/p>\n<p><iframe loading=\"lazy\" title=\"Video de WhatsApp 2025 02 06 a las 12 45 02 7ad087fd\" width=\"1140\" height=\"641\" src=\"https:\/\/www.youtube.com\/embed\/gDWKP2eiG7M?feature=oembed\" frameborder=\"0\" allow=\"accelerometer; autoplay; clipboard-write; encrypted-media; gyroscope; picture-in-picture; web-share\" referrerpolicy=\"strict-origin-when-cross-origin\" allowfullscreen><\/iframe><\/p>\n<p><iframe loading=\"lazy\" title=\"Video de WhatsApp 2025 02 06 a las 12 45 02 97a9f135\" width=\"1140\" height=\"641\" src=\"https:\/\/www.youtube.com\/embed\/ysfxkTweabI?feature=oembed\" frameborder=\"0\" allow=\"accelerometer; autoplay; clipboard-write; encrypted-media; gyroscope; picture-in-picture; web-share\" referrerpolicy=\"strict-origin-when-cross-origin\" allowfullscreen><\/iframe><\/p>\n<p><iframe loading=\"lazy\" title=\"Video de WhatsApp 2025 02 06 a las 12 45 03 aa05917d\" width=\"1140\" height=\"641\" src=\"https:\/\/www.youtube.com\/embed\/9-eZe9TQShg?feature=oembed\" frameborder=\"0\" allow=\"accelerometer; autoplay; clipboard-write; encrypted-media; gyroscope; picture-in-picture; web-share\" referrerpolicy=\"strict-origin-when-cross-origin\" allowfullscreen><\/iframe><\/p>\n<p><iframe loading=\"lazy\" title=\"Video de WhatsApp 2025 02 06 a las 12 45 04 33c00ee9\" width=\"1140\" height=\"641\" src=\"https:\/\/www.youtube.com\/embed\/b2JRxlzk6tU?feature=oembed\" frameborder=\"0\" allow=\"accelerometer; autoplay; clipboard-write; encrypted-media; gyroscope; picture-in-picture; web-share\" referrerpolicy=\"strict-origin-when-cross-origin\" allowfullscreen><\/iframe><\/p>\n<p><iframe loading=\"lazy\" title=\"Video de WhatsApp 2025 02 06 a las 12 45 05 c1e93e97\" width=\"1140\" height=\"641\" src=\"https:\/\/www.youtube.com\/embed\/O2475WfW_QA?feature=oembed\" frameborder=\"0\" allow=\"accelerometer; autoplay; clipboard-write; encrypted-media; gyroscope; picture-in-picture; web-share\" referrerpolicy=\"strict-origin-when-cross-origin\" allowfullscreen><\/iframe><\/p>\n<p><iframe loading=\"lazy\" title=\"Video de WhatsApp 2025 02 06 a las 12 45 04 f38e22ed\" width=\"1140\" height=\"641\" src=\"https:\/\/www.youtube.com\/embed\/_1K6uh5IoCY?feature=oembed\" frameborder=\"0\" allow=\"accelerometer; autoplay; clipboard-write; encrypted-media; gyroscope; picture-in-picture; web-share\" referrerpolicy=\"strict-origin-when-cross-origin\" allowfullscreen><\/iframe><\/p>\n<p>&nbsp;<\/p>\n","protected":false},"excerpt":{"rendered":"<p>Nuestro colegio ICAP Bicentenario de excelencia, desde este verano comenz\u00f3 a ense\u00f1ar a sus alumnos, nataci\u00f3n con seguridad y prevenci\u00f3n en el agua. Saber nadar puede salvar la vida: la propia, de un familiar, de un amigo, o de un miembro de la comunidad. Nuestra meta es con el tiempo, ense\u00f1ar a nadar a cada [&hellip;]<\/p>\n","protected":false},"author":3,"featured_media":0,"parent":0,"menu_order":0,"comment_status":"closed","ping_status":"closed","template":"","meta":{"footnotes":""},"class_list":["post-1976","page","type-page","status-publish","hentry"],"_links":{"self":[{"href":"https:\/\/icapvaldivia.cl\/2.0\/wp-json\/wp\/v2\/pages\/1976","targetHints":{"allow":["GET"]}}],"collection":[{"href":"https:\/\/icapvaldivia.cl\/2.0\/wp-json\/wp\/v2\/pages"}],"about":[{"href":"https:\/\/icapvaldivia.cl\/2.0\/wp-json\/wp\/v2\/types\/page"}],"author":[{"embeddable":true,"href":"https:\/\/icapvaldivia.cl\/2.0\/wp-json\/wp\/v2\/users\/3"}],"replies":[{"embeddable":true,"href":"https:\/\/icapvaldivia.cl\/2.0\/wp-json\/wp\/v2\/comments?post=1976"}],"version-history":[{"count":5,"href":"https:\/\/icapvaldivia.cl\/2.0\/wp-json\/wp\/v2\/pages\/1976\/revisions"}],"predecessor-version":[{"id":1984,"href":"https:\/\/icapvaldivia.cl\/2.0\/wp-json\/wp\/v2\/pages\/1976\/revisions\/1984"}],"wp:attachment":[{"href":"https:\/\/icapvaldivia.cl\/2.0\/wp-json\/wp\/v2\/media?parent=1976"}],"curies":[{"name":"wp","href":"https:\/\/api.w.org\/{rel}","templated":true}]}}