{"id":119,"date":"2023-07-29T23:43:58","date_gmt":"2023-07-29T23:43:58","guid":{"rendered":"https:\/\/icapvaldivia.cl\/2.0\/?page_id=119"},"modified":"2023-09-15T01:14:34","modified_gmt":"2023-09-15T01:14:34","slug":"quienes-somos","status":"publish","type":"page","link":"https:\/\/icapvaldivia.cl\/2.0\/quienes-somos","title":{"rendered":"Qui\u00e9nes somos"},"content":{"rendered":"<section id=\"nosotros\" class=\"contenedor-nosotros\"><\/section>\n<section class=\"contenedor-mision-vision\">\n<div class=\"nosotros\">\n<h3 style=\"text-align: left;\"><span style=\"color: #ffffff;\"><br \/>\nSobre Nosotros<br \/>\n<\/span><\/h3>\n<p><span style=\"color: #ffffff;\">El Instituto Chile Asia Pac\u00edfico es un establecimiento escolar gratuito, que busca la excelencia, con cursos desde Prekinder hasta 4\u00b0 medio, con jornada escolar completa, con alimentaci\u00f3n gratuita JUNAEB, ubicado en un entorno tranquilo\u00a0y\u00a0natural.<br \/>\n<\/span><\/p>\n<p><span style=\"color: #ffffff;\"><br \/>\nEn sus pr\u00e1cticas pedag\u00f3gicas acoge y respeta la flexibilidad y la diversidad did\u00e1ctica, bajo un enfoque formativo hol\u00edstico que busca la armon\u00eda entre la formaci\u00f3n intelectual, la dimensi\u00f3n emocional y la educaci\u00f3n de la voluntad, en un marco de profundo respeto por la vida que se traduce en la promoci\u00f3n de h\u00e1bitos de autocuidado, de vida saludable, y de conciencia con el entorno cultural y natural, con conductas amigables con el medio ambiente y que se manifiestan claramente en responsabilidad social y aprecio por la diversidad. Junto a ello, se motiva al desarrollo de la reflexi\u00f3n y del esp\u00edritu cr\u00edtico, a aprender a ser, a pensar y a valorar el aprendizaje adquirido mediante estrategias metodol\u00f3gicas basadas en las tecnolog\u00edas de la informaci\u00f3n y la comunicaci\u00f3n. Nuestro Instituto integra a todas las personas, sin distinci\u00f3n ideol\u00f3gica, de religi\u00f3n ni de raza, promoviendo una sana convivencia, el crecimiento en valores y el desarrollo del ser humano en su contexto social. Nuestro Establecimiento educa en valores y en conocimientos para el siglo XXI a ni\u00f1os pertenecientes a m\u00faltiples sectores de la ciudad. Existe en la comunidad escolar del Instituto una gran diversidad de familias, las cuales agotan sus diferencias en el elemento unificador de las altas expectativas que poseen los estudiantes y de lo que ser\u00e1n sus hijos a futuro. Cabe destacar, como elemento caracterizador de nuestro Proyecto Educativo, la relevancia global del mundo Asia Pac\u00edfico; por ello, en la malla curricular institucional se promueve la ense\u00f1anza del ingl\u00e9s, el franc\u00e9s y en ciertos per\u00edodos el\u00a0chino\u00a0mandar\u00edn.<br \/>\n<\/span><\/p>\n<div>\n<div class=\"vision\" style=\"padding: 10px; float: left; width: 45%; text-align: justify;\">\n<h3><span style=\"color: #ffffff;\">Nuestra Visi\u00f3n<\/span><\/h3>\n<p><span style=\"color: #ffffff;\">Formar ciudadanos con valores de acuerdo a nuestra sociedad, creativos, reflexivos, democr\u00e1ticos, capaces de tomar sus propias decisiones, respetuosos de la diversidad y del medio ambiente, cr\u00edticos y constructivos, con una s\u00f3lida base pedag\u00f3gica que les permita una proyecci\u00f3n hacia una continuidad de estudios efectiva y exitosa.<\/span><\/p>\n<\/div>\n<\/div>\n<div class=\"mision\" style=\"padding: 10px; float: right; width: 45%; text-align: justify;\">\n<h3><span style=\"color: #ffffff;\">Nuestra Misi\u00f3n<\/span><\/h3>\n<p><span style=\"color: #ffffff;\">Formar integralmente a la comunidad escolar, responsables de sus aprendizajes y con el medio ambiente, comprendiendo a la vez el proceso de aprendizaje como base s\u00f3lida para su desarrollo como individuo comprometido con la sociedad.<\/span><\/p>\n<\/div>\n<\/div>\n<\/section>\n","protected":false},"excerpt":{"rendered":"<p>Sobre Nosotros El Instituto Chile Asia Pac\u00edfico es un establecimiento escolar gratuito, que busca la excelencia, con cursos desde Prekinder hasta 4\u00b0 medio, con jornada escolar completa, con alimentaci\u00f3n gratuita JUNAEB, ubicado en un entorno tranquilo\u00a0y\u00a0natural. En sus pr\u00e1cticas pedag\u00f3gicas acoge y respeta la flexibilidad y la diversidad did\u00e1ctica, bajo un enfoque formativo hol\u00edstico que [&hellip;]<\/p>\n","protected":false},"author":3,"featured_media":0,"parent":0,"menu_order":0,"comment_status":"closed","ping_status":"closed","template":"","meta":{"footnotes":""},"class_list":["post-119","page","type-page","status-publish","hentry"],"_links":{"self":[{"href":"https:\/\/icapvaldivia.cl\/2.0\/wp-json\/wp\/v2\/pages\/119","targetHints":{"allow":["GET"]}}],"collection":[{"href":"https:\/\/icapvaldivia.cl\/2.0\/wp-json\/wp\/v2\/pages"}],"about":[{"href":"https:\/\/icapvaldivia.cl\/2.0\/wp-json\/wp\/v2\/types\/page"}],"author":[{"embeddable":true,"href":"https:\/\/icapvaldivia.cl\/2.0\/wp-json\/wp\/v2\/users\/3"}],"replies":[{"embeddable":true,"href":"https:\/\/icapvaldivia.cl\/2.0\/wp-json\/wp\/v2\/comments?post=119"}],"version-history":[{"count":1,"href":"https:\/\/icapvaldivia.cl\/2.0\/wp-json\/wp\/v2\/pages\/119\/revisions"}],"predecessor-version":[{"id":1100,"href":"https:\/\/icapvaldivia.cl\/2.0\/wp-json\/wp\/v2\/pages\/119\/revisions\/1100"}],"wp:attachment":[{"href":"https:\/\/icapvaldivia.cl\/2.0\/wp-json\/wp\/v2\/media?parent=119"}],"curies":[{"name":"wp","href":"https:\/\/api.w.org\/{rel}","templated":true}]}}