{"id":1170,"date":"2023-11-02T19:48:31","date_gmt":"2023-11-02T19:48:31","guid":{"rendered":"https:\/\/icapvaldivia.cl\/2.0\/?page_id=1170"},"modified":"2024-03-05T20:26:01","modified_gmt":"2024-03-05T20:26:01","slug":"bicentenario-de-excelencia","status":"publish","type":"page","link":"https:\/\/icapvaldivia.cl\/2.0\/bicentenario-de-excelencia","title":{"rendered":"Instituto Bicentenario Chile Asia Pac\u00edfico"},"content":{"rendered":"<div class=\"mceTemp\"><\/div>\n<p><img loading=\"lazy\" decoding=\"async\" class=\"aligncenter size-full wp-image-1930\" src=\"https:\/\/icapvaldivia.cl\/2.0\/wp-content\/uploads\/2024\/03\/image003.jpg\" alt=\"\" width=\"766\" height=\"957\" srcset=\"https:\/\/icapvaldivia.cl\/2.0\/wp-content\/uploads\/2024\/03\/image003.jpg 766w, https:\/\/icapvaldivia.cl\/2.0\/wp-content\/uploads\/2024\/03\/image003-240x300.jpg 240w\" sizes=\"auto, (max-width: 766px) 100vw, 766px\" \/><\/p>\n<p><img loading=\"lazy\" decoding=\"async\" class=\"aligncenter size-full wp-image-1917\" src=\"https:\/\/icapvaldivia.cl\/2.0\/wp-content\/uploads\/2024\/02\/Imagen-de-WhatsApp-2024-02-28-a-las-17.55.54_652ac856.jpg\" alt=\"\" width=\"1024\" height=\"576\" srcset=\"https:\/\/icapvaldivia.cl\/2.0\/wp-content\/uploads\/2024\/02\/Imagen-de-WhatsApp-2024-02-28-a-las-17.55.54_652ac856.jpg 1024w, https:\/\/icapvaldivia.cl\/2.0\/wp-content\/uploads\/2024\/02\/Imagen-de-WhatsApp-2024-02-28-a-las-17.55.54_652ac856-300x169.jpg 300w, https:\/\/icapvaldivia.cl\/2.0\/wp-content\/uploads\/2024\/02\/Imagen-de-WhatsApp-2024-02-28-a-las-17.55.54_652ac856-768x432.jpg 768w, https:\/\/icapvaldivia.cl\/2.0\/wp-content\/uploads\/2024\/02\/Imagen-de-WhatsApp-2024-02-28-a-las-17.55.54_652ac856-320x180.jpg 320w\" sizes=\"auto, (max-width: 1024px) 100vw, 1024px\" \/><\/p>\n<p><img loading=\"lazy\" decoding=\"async\" class=\"aligncenter size-full wp-image-1928\" src=\"https:\/\/icapvaldivia.cl\/2.0\/wp-content\/uploads\/2024\/02\/Imagen-de-WhatsApp-2024-02-28-a-las-17.59.47_ccab6a34-1.jpg\" alt=\"\" width=\"576\" height=\"1024\" srcset=\"https:\/\/icapvaldivia.cl\/2.0\/wp-content\/uploads\/2024\/02\/Imagen-de-WhatsApp-2024-02-28-a-las-17.59.47_ccab6a34-1.jpg 576w, https:\/\/icapvaldivia.cl\/2.0\/wp-content\/uploads\/2024\/02\/Imagen-de-WhatsApp-2024-02-28-a-las-17.59.47_ccab6a34-1-169x300.jpg 169w\" sizes=\"auto, (max-width: 576px) 100vw, 576px\" \/> <img loading=\"lazy\" decoding=\"async\" class=\"aligncenter size-full wp-image-1924\" src=\"https:\/\/icapvaldivia.cl\/2.0\/wp-content\/uploads\/2024\/02\/Imagen-de-WhatsApp-2024-02-28-a-las-17.55.55_10b5dc22.jpg\" alt=\"\" width=\"1024\" height=\"576\" srcset=\"https:\/\/icapvaldivia.cl\/2.0\/wp-content\/uploads\/2024\/02\/Imagen-de-WhatsApp-2024-02-28-a-las-17.55.55_10b5dc22.jpg 1024w, https:\/\/icapvaldivia.cl\/2.0\/wp-content\/uploads\/2024\/02\/Imagen-de-WhatsApp-2024-02-28-a-las-17.55.55_10b5dc22-300x169.jpg 300w, https:\/\/icapvaldivia.cl\/2.0\/wp-content\/uploads\/2024\/02\/Imagen-de-WhatsApp-2024-02-28-a-las-17.55.55_10b5dc22-768x432.jpg 768w, https:\/\/icapvaldivia.cl\/2.0\/wp-content\/uploads\/2024\/02\/Imagen-de-WhatsApp-2024-02-28-a-las-17.55.55_10b5dc22-320x180.jpg 320w\" sizes=\"auto, (max-width: 1024px) 100vw, 1024px\" \/> <img loading=\"lazy\" decoding=\"async\" class=\"aligncenter size-full wp-image-1925\" src=\"https:\/\/icapvaldivia.cl\/2.0\/wp-content\/uploads\/2024\/02\/Imagen-de-WhatsApp-2024-02-28-a-las-17.55.55_12fc2978-1.jpg\" alt=\"\" width=\"1024\" height=\"576\" srcset=\"https:\/\/icapvaldivia.cl\/2.0\/wp-content\/uploads\/2024\/02\/Imagen-de-WhatsApp-2024-02-28-a-las-17.55.55_12fc2978-1.jpg 1024w, https:\/\/icapvaldivia.cl\/2.0\/wp-content\/uploads\/2024\/02\/Imagen-de-WhatsApp-2024-02-28-a-las-17.55.55_12fc2978-1-300x169.jpg 300w, https:\/\/icapvaldivia.cl\/2.0\/wp-content\/uploads\/2024\/02\/Imagen-de-WhatsApp-2024-02-28-a-las-17.55.55_12fc2978-1-768x432.jpg 768w, https:\/\/icapvaldivia.cl\/2.0\/wp-content\/uploads\/2024\/02\/Imagen-de-WhatsApp-2024-02-28-a-las-17.55.55_12fc2978-1-320x180.jpg 320w\" sizes=\"auto, (max-width: 1024px) 100vw, 1024px\" \/><\/p>\n<p><iframe loading=\"lazy\" title=\"Video de WhatsApp 2024 02 28 a las 18 02 54 c41ba0d5\" width=\"1140\" height=\"641\" src=\"https:\/\/www.youtube.com\/embed\/VSCfmyJpHdY?feature=oembed\" frameborder=\"0\" allow=\"accelerometer; autoplay; clipboard-write; encrypted-media; gyroscope; picture-in-picture; web-share\" allowfullscreen><\/iframe><\/p>\n<p><iframe loading=\"lazy\" title=\"Video de WhatsApp 2024 02 28 a las 18 02 47 4ead99c4\" width=\"1140\" height=\"641\" src=\"https:\/\/www.youtube.com\/embed\/fGgnALnvNnA?feature=oembed\" frameborder=\"0\" allow=\"accelerometer; autoplay; clipboard-write; encrypted-media; gyroscope; picture-in-picture; web-share\" allowfullscreen><\/iframe><\/p>\n<hr \/>\n<div>\n<div>\n<div>\n<h1><span style=\"color: #ffffff;\">Informativo del 30.10.2023<\/span><\/h1>\n<\/div>\n<p><span style=\"color: #ffffff;\">Estimados apoderados: en la pasada reuni\u00f3n de apoderados informamos a Uds., que nuestro colegio ICAP hab\u00eda sido seleccionado para el Proyecto Bicentenario de Excelencia. Nos complace ahora compartir con Uds., que hoy la directora de nuestro Instituto, Sra. Gabriela D\u00edaz D\u00edaz, y el sostenedor don Alberto Arias Navarrete, junto con dar inicio a la semana aniversario de nuestro instituto, informaron a nuestros alumnos sobre la firma del convenio por nuestro sostenedor, con el Ministerio de Educaci\u00f3n en Santiago la semana reci\u00e9n pasada, explic\u00e1ndoles la importancia de este convenio y la influencia significativa de trabajar por la excelencia en su educaci\u00f3n en los pr\u00f3ximos 10 a\u00f1os que dura el convenio, informando tambi\u00e9n que debido al convenio, el nombre de nuestra instituci\u00f3n cambia, pasando a llamarnos Instituto Bicentenario de Excelencia Chile Asia Pac\u00edfico, ICAP.<\/span><\/p>\n<p><span style=\"color: #ffffff;\">Atentamente, equipo\u00a0directivo.<\/span><\/p>\n<p>&nbsp;<\/p>\n<hr \/>\n<div><\/div>\n<p><span style=\"color: #ffffff;\"><img loading=\"lazy\" decoding=\"async\" class=\"wp-image-1205 size-full aligncenter\" src=\"https:\/\/icapvaldivia.cl\/2.0\/wp-content\/uploads\/2023\/11\/firmaBicentenario03.jpg\" alt=\"\" width=\"627\" height=\"428\" srcset=\"https:\/\/icapvaldivia.cl\/2.0\/wp-content\/uploads\/2023\/11\/firmaBicentenario03.jpg 627w, https:\/\/icapvaldivia.cl\/2.0\/wp-content\/uploads\/2023\/11\/firmaBicentenario03-300x205.jpg 300w\" sizes=\"auto, (max-width: 627px) 100vw, 627px\" \/><\/span><\/p>\n<p style=\"text-align: center;\"><span style=\"color: #ffffff;\"><em>El Ministro de Educaci\u00f3n tom\u00e1ndose selfi con algunos sostenedores Bicentenario de Excelencia, tambi\u00e9n de ICAP, aprox al medio,\u00a0en\u00a03ra\u00a0corrida<\/em><\/span><\/p>\n<\/div>\n<\/div>\n<p><span style=\"color: #000000;\"><img loading=\"lazy\" decoding=\"async\" class=\"wp-image-1204 aligncenter\" src=\"https:\/\/icapvaldivia.cl\/2.0\/wp-content\/uploads\/2023\/11\/firmaBicentenario02-300x169.jpg\" alt=\"\" width=\"627\" height=\"353\" srcset=\"https:\/\/icapvaldivia.cl\/2.0\/wp-content\/uploads\/2023\/11\/firmaBicentenario02-300x169.jpg 300w, https:\/\/icapvaldivia.cl\/2.0\/wp-content\/uploads\/2023\/11\/firmaBicentenario02-1024x576.jpg 1024w, https:\/\/icapvaldivia.cl\/2.0\/wp-content\/uploads\/2023\/11\/firmaBicentenario02-768x432.jpg 768w, https:\/\/icapvaldivia.cl\/2.0\/wp-content\/uploads\/2023\/11\/firmaBicentenario02-320x180.jpg 320w, https:\/\/icapvaldivia.cl\/2.0\/wp-content\/uploads\/2023\/11\/firmaBicentenario02.jpg 1280w\" sizes=\"auto, (max-width: 627px) 100vw, 627px\" \/><\/span><\/p>\n<p style=\"text-align: center;\"><span style=\"color: #ffffff;\"><em>El ministro de Educaci\u00f3n felicitando al Instituto Bicentenario de Excelencia Chile Asia Pac\u00edfico y a toda su comunidad\u00a0educativa<\/em><\/span><\/p>\n<p>&nbsp;<\/p>\n<div>\n<div>\n<p><span style=\"color: #000000;\"><img loading=\"lazy\" decoding=\"async\" class=\"size-large wp-image-1203 aligncenter\" src=\"https:\/\/icapvaldivia.cl\/2.0\/wp-content\/uploads\/2023\/11\/firmaBicentenario01-576x1024.jpg\" alt=\"\" width=\"576\" height=\"1024\" srcset=\"https:\/\/icapvaldivia.cl\/2.0\/wp-content\/uploads\/2023\/11\/firmaBicentenario01-576x1024.jpg 576w, https:\/\/icapvaldivia.cl\/2.0\/wp-content\/uploads\/2023\/11\/firmaBicentenario01-169x300.jpg 169w, https:\/\/icapvaldivia.cl\/2.0\/wp-content\/uploads\/2023\/11\/firmaBicentenario01-768x1365.jpg 768w, https:\/\/icapvaldivia.cl\/2.0\/wp-content\/uploads\/2023\/11\/firmaBicentenario01-864x1536.jpg 864w, https:\/\/icapvaldivia.cl\/2.0\/wp-content\/uploads\/2023\/11\/firmaBicentenario01.jpg 900w\" sizes=\"auto, (max-width: 576px) 100vw, 576px\" \/><\/span><\/p>\n<p><span style=\"color: #ffffff;\"><img loading=\"lazy\" decoding=\"async\" class=\"wp-image-1208 aligncenter\" src=\"https:\/\/icapvaldivia.cl\/2.0\/wp-content\/uploads\/2023\/11\/firmaBicentenario04-576x1024.jpg\" alt=\"\" width=\"627\" height=\"1115\" srcset=\"https:\/\/icapvaldivia.cl\/2.0\/wp-content\/uploads\/2023\/11\/firmaBicentenario04-576x1024.jpg 576w, https:\/\/icapvaldivia.cl\/2.0\/wp-content\/uploads\/2023\/11\/firmaBicentenario04-169x300.jpg 169w, https:\/\/icapvaldivia.cl\/2.0\/wp-content\/uploads\/2023\/11\/firmaBicentenario04-768x1365.jpg 768w, https:\/\/icapvaldivia.cl\/2.0\/wp-content\/uploads\/2023\/11\/firmaBicentenario04-864x1536.jpg 864w, https:\/\/icapvaldivia.cl\/2.0\/wp-content\/uploads\/2023\/11\/firmaBicentenario04.jpg 900w\" sizes=\"auto, (max-width: 627px) 100vw, 627px\" \/><\/span><\/p>\n<p style=\"text-align: center;\"><span style=\"color: #ffffff;\"><em>Instituto Bicentenario de Excelencia Asia Pac\u00edfico con la sostenedora anfitriona, alcaldesa de \u00d1u\u00f1oa<\/em><\/span><\/p>\n<hr \/>\n<h1><span style=\"color: #ffffff;\">Informativo 18.10.2023<\/span><\/h1>\n<p><span style=\"color: #ffffff;\">[pdfviewer width=\u00bb1000px\u00bb height=\u00bb849px\u00bb]https:\/\/icapvaldivia.cl\/2.0\/wp-content\/uploads\/2023\/11\/ComunicadoadjudicaciondesellodeInstitutoBicentenario.pdf[\/pdfviewer]<\/span><\/p>\n<hr \/>\n<h1><span style=\"color: #ffffff;\">Informativo 13.10.2023<\/span><\/h1>\n<div><\/div>\n<div><span style=\"color: #ffffff;\">Estimadas madres, padres, apoderados y alumnos de ICAP:<\/span><\/div>\n<div><\/div>\n<p>&nbsp;<\/p>\n<div><span style=\"color: #ffffff;\">Hace algunos d\u00edas compartimos con Uds., la grata noticia, de que el CGPA hab\u00eda logrado aprobar la 1a etapa de selecci\u00f3n, en la postulaci\u00f3n de un proyecto ecol\u00f3gico, de ense\u00f1anza de ciencias naturales y biolog\u00eda, a trav\u00e9s de cultivos en un invernadero, que se construir\u00e1 en ICAP. Estamos a la espera del resultado de la 2da y \u00faltima etapa.<\/span><\/div>\n<div><\/div>\n<div><span style=\"color: #ffffff;\">Un avance similar logr\u00f3 recientemente, nuestro equipo directivo en conjunto con nuestra psic\u00f3loga, al haber aprobado nuestro colegio ICAP, la 1a etapa de selecci\u00f3n, a la postulaci\u00f3n para participar, en el Programa Liceos Bicentenario de Excelencia, habiendo estado tambi\u00e9n a la espera, del resultado de la 2a y \u00faltima etapa de nuestra postulaci\u00f3n.<\/span><\/div>\n<\/div>\n<div><\/div>\n<div><span style=\"color: #ffffff;\">Esta espera finalmente culmin\u00f3 ayer, cuando recibimos confirmaci\u00f3n oficial del Ministerio de Educaci\u00f3n, de haberse nuestro proyecto adjudicado, ser seleccionado para participar, en el Programa Liceos Bicentenario de Excelencia 2023-2033, con el notable mayor m\u00e9rito, de haber sido el \u00fanico colegio seleccionado en Valdivia. Esta adjudicaci\u00f3n ser\u00e1 de significativo beneficio, para los estudiantes de ICAP y la comunidad toda, y redundar\u00e1 en ampliar sus oportunidades, opciones y proyecciones educativas en nuestro Instituto Chile Asia Pac\u00edfico, ahora Liceo Bicentenario de Excelencia ICAP.<\/span><\/div>\n<p>&nbsp;<\/p>\n<div><span style=\"color: #ffffff;\">Saluda atentamente a Uds.<\/span><\/div>\n<p>&nbsp;<\/p>\n<div><\/div>\n<div><span style=\"color: #ffffff;\"><em>Alberto Arias, sostenedor<\/em><\/span><\/div>\n<\/div>\n<hr \/>\n<h1><span style=\"color: #ffffff;\">Noticias<\/span><\/h1>\n<div id=\"attachment_1209\" style=\"width: 220px\" class=\"wp-caption alignleft\"><a style=\"color: #ffffff;\" href=\"https:\/\/www.mineduc.cl\/los-80-nuevos-liceos-bicentenario-inician-la-firma-de-convenios\/ target=\"><img loading=\"lazy\" decoding=\"async\" aria-describedby=\"caption-attachment-1209\" class=\"wp-image-1209\" src=\"https:\/\/icapvaldivia.cl\/2.0\/wp-content\/uploads\/2023\/11\/NoticiaBicentenario01.jpg\" alt=\"\" width=\"210\" height=\"140\" srcset=\"https:\/\/icapvaldivia.cl\/2.0\/wp-content\/uploads\/2023\/11\/NoticiaBicentenario01.jpg 720w, https:\/\/icapvaldivia.cl\/2.0\/wp-content\/uploads\/2023\/11\/NoticiaBicentenario01-300x200.jpg 300w\" sizes=\"auto, (max-width: 210px) 100vw, 210px\" \/><\/a><p id=\"caption-attachment-1209\" class=\"wp-caption-text\"><span style=\"color: #ffffff;\"><a style=\"color: #ffffff;\" href=\"https:\/\/www.mineduc.cl\/los-80-nuevos-liceos-bicentenario-inician-la-firma-de-convenios\/\" target=\"blank\" rel=\"noopener\">Enlace: https:\/\/www.mineduc.cl\/los-80-nuevos-liceos-bicentenario-inician-la-firma-de-convenios\/<\/a><\/span><\/p><\/div>\n<p>&nbsp;<\/p>\n<h1><span style=\"color: #ffffff;\">Los 80 nuevos Liceos Bicentenario inician firma de convenios con el Mineduc para ingresar a la red<\/span><\/h1>\n<p><span style=\"color: #ffffff;\">En una ceremonia realizada en el Colegio T\u00e9cnico Profesional Rep\u00fablica de Argentina, de \u00d1u\u00f1oa, los 80 nuevos establecimientos seleccionados para\u00a0convertirse en Liceos Bicentenario\u00a0firmaron sus convenios con el Ministerio de Educaci\u00f3n, ingresando as\u00ed oficialmente a este programa, que ahora suma 400 liceos.\u00a0<\/span><\/p>\n<p>&nbsp;<\/p>\n<p>&nbsp;<\/p>\n<div id=\"attachment_1211\" style=\"width: 230px\" class=\"wp-caption alignleft\"><a style=\"color: #ffffff;\" href=\"https:\/\/www.rioenlinea.cl\/tres-nuevos-colegios-se-incorporaran-a-la-red-de-liceos-bicentenario-en-los-rios\/\" rel=\"noopener\"><img loading=\"lazy\" decoding=\"async\" aria-describedby=\"caption-attachment-1211\" class=\"wp-image-1211\" src=\"https:\/\/icapvaldivia.cl\/2.0\/wp-content\/uploads\/2023\/11\/NoticiaBicentenario02-300x180.jpeg\" alt=\"\" width=\"220\" height=\"132\" srcset=\"https:\/\/icapvaldivia.cl\/2.0\/wp-content\/uploads\/2023\/11\/NoticiaBicentenario02-300x180.jpeg 300w, https:\/\/icapvaldivia.cl\/2.0\/wp-content\/uploads\/2023\/11\/NoticiaBicentenario02.jpeg 768w\" sizes=\"auto, (max-width: 220px) 100vw, 220px\" \/><\/a><p id=\"caption-attachment-1211\" class=\"wp-caption-text\"><span style=\"color: #ffffff;\"><a style=\"color: #ffffff;\" href=\"https:\/\/www.rioenlinea.cl\/tres-nuevos-colegios-se-incorporaran-a-la-red-de-liceos-bicentenario-en-los-rios\/\"> Enlace: https:\/\/www.rioenlinea.cl\/tres-nuevos-colegios-se-incorporaran-a-la-red-de-liceos-bicentenario-en-los-rios\/<\/a><\/span><\/p><\/div>\n<p>&nbsp;<\/p>\n<p>&nbsp;<\/p>\n<h1 class=\"main-single-header__title\"><span style=\"color: #ffffff;\">Tres nuevos colegios se incorporar\u00e1n a la red de Liceos Bicentenario en Los R\u00edos<\/span><\/h1>\n<p><span style=\"color: #ffffff;\">Una vez que los sostenedores firmen los convenios, las comunidades educativas recibir\u00e1n $3.938 millones para comenzar a ejecutar sus proyectos.<\/span><\/p>\n<p>&nbsp;<\/p>\n<p>&nbsp;<\/p>\n<div style=\"width: 220px\" class=\"wp-caption alignleft\"><a style=\"color: #ffffff;\" href=\"https:\/\/twitter.com\/anpchile\/status\/619135253907640320\" target=\"blank\" rel=\"noopener\"><img loading=\"lazy\" decoding=\"async\" src=\"https:\/\/pbs.twimg.com\/media\/CJecO2yWsAAknKG?format=jpg&amp;name=medium\" alt=\"\" width=\"210\" height=\"300\" \/><\/a><p class=\"wp-caption-text\"><span style=\"color: #ffffff;\"><a style=\"color: #ffffff;\" href=\"https:\/\/twitter.com\/anpchile\/status\/619135253907640320\" target=\"blank\" rel=\"noopener\">Enlace: https:\/\/twitter.com\/anpchile\/status\/619135253907640320<\/a><\/span><\/p><\/div>\n<p>&nbsp;<\/p>\n<h1><span style=\"color: #ffffff;\"><strong>Camino hacia la excelencia<\/strong><\/span><\/h1>\n<p><span style=\"color: #ffffff;\">Hamton College e Instituto Chile Asia Pac\u00edfico de Valdivia fueron los ganadores del d\u00eda de ayer en las Olimpiadas de Actualidad<\/span><\/p>\n<div>\n<div>\n<h3><\/h3>\n<\/div>\n<\/div>\n","protected":false},"excerpt":{"rendered":"<p>Informativo del 30.10.2023 Estimados apoderados: en la pasada reuni\u00f3n de apoderados informamos a Uds., que nuestro colegio ICAP hab\u00eda sido seleccionado para el Proyecto Bicentenario de Excelencia. Nos complace ahora compartir con Uds., que hoy la directora de nuestro Instituto, Sra. Gabriela D\u00edaz D\u00edaz, y el sostenedor don Alberto Arias Navarrete, junto con dar inicio [&hellip;]<\/p>\n","protected":false},"author":3,"featured_media":0,"parent":0,"menu_order":0,"comment_status":"closed","ping_status":"closed","template":"","meta":{"footnotes":""},"class_list":["post-1170","page","type-page","status-publish","hentry"],"_links":{"self":[{"href":"https:\/\/icapvaldivia.cl\/2.0\/wp-json\/wp\/v2\/pages\/1170","targetHints":{"allow":["GET"]}}],"collection":[{"href":"https:\/\/icapvaldivia.cl\/2.0\/wp-json\/wp\/v2\/pages"}],"about":[{"href":"https:\/\/icapvaldivia.cl\/2.0\/wp-json\/wp\/v2\/types\/page"}],"author":[{"embeddable":true,"href":"https:\/\/icapvaldivia.cl\/2.0\/wp-json\/wp\/v2\/users\/3"}],"replies":[{"embeddable":true,"href":"https:\/\/icapvaldivia.cl\/2.0\/wp-json\/wp\/v2\/comments?post=1170"}],"version-history":[{"count":53,"href":"https:\/\/icapvaldivia.cl\/2.0\/wp-json\/wp\/v2\/pages\/1170\/revisions"}],"predecessor-version":[{"id":1931,"href":"https:\/\/icapvaldivia.cl\/2.0\/wp-json\/wp\/v2\/pages\/1170\/revisions\/1931"}],"wp:attachment":[{"href":"https:\/\/icapvaldivia.cl\/2.0\/wp-json\/wp\/v2\/media?parent=1170"}],"curies":[{"name":"wp","href":"https:\/\/api.w.org\/{rel}","templated":true}]}}